{"id":90,"date":"2020-09-21T00:46:43","date_gmt":"2020-09-20T22:46:43","guid":{"rendered":"https:\/\/futbolempresesgirona.martin-schenk.es\/?page_id=90"},"modified":"2023-10-30T14:35:43","modified_gmt":"2023-10-30T12:35:43","slug":"normativa-veterans","status":"publish","type":"page","link":"https:\/\/www.futbolempresesgirona.com\/index.php\/normativa-veterans\/","title":{"rendered":"Normativa veterans"},"content":{"rendered":"\t\t<div data-elementor-type=\"wp-page\" data-elementor-id=\"90\" class=\"elementor elementor-90\">\n\t\t\t\t\t\t<section class=\"elementor-section elementor-top-section elementor-element elementor-element-7cf373f8 elementor-section-full_width elementor-section-height-full elementor-section-height-default elementor-section-items-middle\" data-id=\"7cf373f8\" data-element_type=\"section\">\n\t\t\t\t\t\t<div class=\"elementor-container elementor-column-gap-default\">\n\t\t\t\t\t<div class=\"elementor-column elementor-col-100 elementor-top-column elementor-element elementor-element-d5bd03a\" data-id=\"d5bd03a\" data-element_type=\"column\">\n\t\t\t<div class=\"elementor-widget-wrap elementor-element-populated\">\n\t\t\t\t\t\t<div class=\"elementor-element elementor-element-580d8862 elementor-widget__width-initial elementor-widget elementor-widget-text-editor\" data-id=\"580d8862\" data-element_type=\"widget\" data-widget_type=\"text-editor.default\">\n\t\t\t\t<div class=\"elementor-widget-container\">\n\t\t\t\t\t\t\t\t\t<p><\/p>\n<h6 class=\"has-primary-color has-text-color has-background\" style=\"background-color: #b3cce4; text-align: center;\"><strong>ACORDS ADOPTATS EN L&#8217;ASSEMBLEA DE DELEGATS DEL DIA 3 DE SETEMBRE DE 2012 (INICI DELS CAMPIONATS EXCLUSIVAMENT DE VETRANS) i MODIFICACIONS\u00a0 ACORDADES EN ASSEMBLEES POSTERIORS:<\/strong><\/h6>\n<ul>\n<li>\n<h5>\u00c9s jugador veter\u00e0 tot aquell que tingui els 30 anys d&#8217;edat complerts i tamb\u00e9 aquells que amb 29 anys compleixin els 30 en el transcurs\u00a0de la temporada en curs,\u00a0\u00e9s a dir, entre setembre d&#8217;un any i juny de l&#8217;any seg\u00fcent<\/h5>\n<\/li>\n<li>\n<h5>Els porters queden al marge de les condicions d&#8217;edat. Tinguin l&#8217;edat que tinguin no se&#8217;ls considerar\u00e0 en cap cas com a \u00abno veterans\u00bb.<\/h5>\n<\/li>\n<li>\n<h5>Tots els equips hauran de disputar els partits amb jugadors \u00abveterans\u00bb, per\u00f2 tenen l&#8217;opci\u00f3 de poder fer participar jugadors \u00abno veterans\u00bb sempre que aquests no coincideixin alhora m\u00e9s de 3 jugant sobre el terreny de joc (el porter no entra en aquest recompte). Els equips poden tenir fitxats tants jugadors \u00abno veterans\u00bb com vulguin per\u00f2 per a cada partit tan sols podran inscriure en Acta un m\u00e0xim de 4 joves al marge del porter.<\/h5>\n<\/li>\n<\/ul>\n<ul>\n<li>\n<h5>Abans de comen\u00e7ar els partits els delegats comunicaran a l&#8217;\u00e0rbitre la relaci\u00f3 de jugadors \u00abno veterans\u00bb amb els que conta per al partit.<\/h5>\n<\/li>\n<li>\n<h5>Per una millor identificaci\u00f3, els jugadors \u00abno veterans\u00bb estaran obligats a portar un bra\u00e7alet ben vissible i l&#8217;hauran de dur en tot moment, des que surten del vestidor fins que s&#8217;acabi el partit i tant si juguen com\u00a0si estan a la banqueta.\u00a0El \u00abno veter\u00e0\u00bb que no porti el bra\u00e7alet no podr\u00e0 jugar.<\/h5>\n<\/li>\n<li>\n<h5>La revisi\u00f3 de fitxes \u00e9s obligat\u00f2ria. L&#8217;\u00e0rbitre ha de comprovar la correspond\u00e8ncia entre la identitat del jugador titular de la fitxa i el DNI.<\/h5>\n<\/li>\n<li>\n<h5>Es permet que els jugadors puguin, previ av\u00eds a l\u2019\u00e0rbitre, demanar\u00a0sortir del terreny de joc de manera moment\u00e0nia \u00e9ssent substituits\u00a0per un altre jugador, podent per\u00f2 reincorporar-se al joc amb posterioritat\u00a0en substituci\u00f3 d\u2019un altre company. Aquest sistema d\u2019entrades i sortides\u00a0sense l\u00edmit\u00a0del terreny de joc es pot practicar per tots els jugadors d\u2019un\u00a0equip i les vegades que es creguin oportunes, donant-se per ent\u00e9s que\u00a0no podran fer \u00fas d\u2019aquest sistema els jugadors que en el decurs d\u2019un partit\u00a0haguessin estat expulsats (des del moment de l\u2019expulsi\u00f3) i que els jugadors\u00a0amonestats conseven la tarjeta groga. Un jugador \u00abveter\u00e0\u00bb\u00a0pot \u00e9sser substituit\u00a0per un \u00a0jugador \u00abno veter\u00e0\u00bb (i viceversa), entenent per\u00f2 que amb els canvis mai es superar\u00e0 la quantitat de tres jugadors \u00abno veterans\u00bb alhora sobre el terreny de joc. Durant els darrers 5 minuts dels partits no est\u00e0 perm\u00e9s fer substitucions, a excepci\u00f3 dels sup\u00f2sits especials que estableix el Reglament.<\/h5>\n<\/li>\n<\/ul>\n<p><\/p>\n<p><\/p>\n<p><\/p>\t\t\t\t\t\t\t\t<\/div>\n\t\t\t\t<\/div>\n\t\t\t\t\t<\/div>\n\t\t<\/div>\n\t\t\t\t\t<\/div>\n\t\t<\/section>\n\t\t\t\t<\/div>\n\t\t","protected":false},"excerpt":{"rendered":"<p>ACORDS ADOPTATS EN L&#8217;ASSEMBLEA DE DELEGATS DEL DIA 3 DE SETEMBRE DE 2012 (INICI DELS CAMPIONATS EXCLUSIVAMENT DE VETRANS) i MODIFICACIONS\u00a0 ACORDADES EN ASSEMBLEES POSTERIORS: \u00c9s jugador veter\u00e0 tot aquell que tingui els 30 anys d&#8217;edat complerts i tamb\u00e9 aquells que amb 29 anys compleixin els 30 en el transcurs\u00a0de la temporada en curs,\u00a0\u00e9s a [&hellip;]<\/p>\n","protected":false},"author":1,"featured_media":0,"parent":0,"menu_order":0,"comment_status":"closed","ping_status":"closed","template":"","meta":{"_eb_attr":"","site-sidebar-layout":"default","site-content-layout":"default","ast-site-content-layout":"","site-content-style":"default","site-sidebar-style":"default","ast-global-header-display":"","ast-banner-title-visibility":"","ast-main-header-display":"","ast-hfb-above-header-display":"","ast-hfb-below-header-display":"","ast-hfb-mobile-header-display":"","site-post-title":"","ast-breadcrumbs-content":"","ast-featured-img":"","footer-sml-layout":"","theme-transparent-header-meta":"default","adv-header-id-meta":"","stick-header-meta":"","header-above-stick-meta":"","header-main-stick-meta":"","header-below-stick-meta":"","astra-migrate-meta-layouts":"default","ast-page-background-enabled":"default","ast-page-background-meta":{"desktop":{"background-color":"","background-image":"","background-repeat":"repeat","background-position":"center center","background-size":"auto","background-attachment":"scroll","background-type":"","background-media":"","overlay-type":"","overlay-color":"","overlay-opacity":"","overlay-gradient":""},"tablet":{"background-color":"","background-image":"","background-repeat":"repeat","background-position":"center center","background-size":"auto","background-attachment":"scroll","background-type":"","background-media":"","overlay-type":"","overlay-color":"","overlay-opacity":"","overlay-gradient":""},"mobile":{"background-color":"","background-image":"","background-repeat":"repeat","background-position":"center center","background-size":"auto","background-attachment":"scroll","background-type":"","background-media":"","overlay-type":"","overlay-color":"","overlay-opacity":"","overlay-gradient":""}},"ast-content-background-meta":{"desktop":{"background-color":"var(--ast-global-color-5)","background-image":"","background-repeat":"repeat","background-position":"center center","background-size":"auto","background-attachment":"scroll","background-type":"","background-media":"","overlay-type":"","overlay-color":"","overlay-opacity":"","overlay-gradient":""},"tablet":{"background-color":"var(--ast-global-color-5)","background-image":"","background-repeat":"repeat","background-position":"center center","background-size":"auto","background-attachment":"scroll","background-type":"","background-media":"","overlay-type":"","overlay-color":"","overlay-opacity":"","overlay-gradient":""},"mobile":{"background-color":"var(--ast-global-color-5)","background-image":"","background-repeat":"repeat","background-position":"center center","background-size":"auto","background-attachment":"scroll","background-type":"","background-media":"","overlay-type":"","overlay-color":"","overlay-opacity":"","overlay-gradient":""}},"footnotes":""},"yoast_head":"<!-- This site is optimized with the Yoast SEO plugin v22.4 - https:\/\/yoast.com\/wordpress\/plugins\/seo\/ -->\n<title>Normativa veterans -<\/title>\n<meta name=\"robots\" content=\"index, follow, max-snippet:-1, max-image-preview:large, max-video-preview:-1\" \/>\n<link rel=\"canonical\" href=\"https:\/\/www.futbolempresesgirona.com\/index.php\/normativa-veterans\/\" \/>\n<meta property=\"og:locale\" content=\"es_ES\" \/>\n<meta property=\"og:type\" content=\"article\" \/>\n<meta property=\"og:title\" content=\"Normativa veterans -\" \/>\n<meta property=\"og:description\" content=\"ACORDS ADOPTATS EN L&#8217;ASSEMBLEA DE DELEGATS DEL DIA 3 DE SETEMBRE DE 2012 (INICI DELS CAMPIONATS EXCLUSIVAMENT DE VETRANS) i MODIFICACIONS\u00a0 ACORDADES EN ASSEMBLEES POSTERIORS: \u00c9s jugador veter\u00e0 tot aquell que tingui els 30 anys d&#8217;edat complerts i tamb\u00e9 aquells que amb 29 anys compleixin els 30 en el transcurs\u00a0de la temporada en curs,\u00a0\u00e9s a [&hellip;]\" \/>\n<meta property=\"og:url\" content=\"https:\/\/www.futbolempresesgirona.com\/index.php\/normativa-veterans\/\" \/>\n<meta property=\"article:modified_time\" content=\"2023-10-30T12:35:43+00:00\" \/>\n<meta name=\"twitter:card\" content=\"summary_large_image\" \/>\n<meta name=\"twitter:label1\" content=\"Tiempo de lectura\" \/>\n\t<meta name=\"twitter:data1\" content=\"2 minutos\" \/>\n<script type=\"application\/ld+json\" class=\"yoast-schema-graph\">{\"@context\":\"https:\/\/schema.org\",\"@graph\":[{\"@type\":\"WebPage\",\"@id\":\"https:\/\/www.futbolempresesgirona.com\/index.php\/normativa-veterans\/\",\"url\":\"https:\/\/www.futbolempresesgirona.com\/index.php\/normativa-veterans\/\",\"name\":\"Normativa veterans -\",\"isPartOf\":{\"@id\":\"https:\/\/www.futbolempresesgirona.com\/#website\"},\"datePublished\":\"2020-09-20T22:46:43+00:00\",\"dateModified\":\"2023-10-30T12:35:43+00:00\",\"breadcrumb\":{\"@id\":\"https:\/\/www.futbolempresesgirona.com\/index.php\/normativa-veterans\/#breadcrumb\"},\"inLanguage\":\"es\",\"potentialAction\":[{\"@type\":\"ReadAction\",\"target\":[\"https:\/\/www.futbolempresesgirona.com\/index.php\/normativa-veterans\/\"]}]},{\"@type\":\"BreadcrumbList\",\"@id\":\"https:\/\/www.futbolempresesgirona.com\/index.php\/normativa-veterans\/#breadcrumb\",\"itemListElement\":[{\"@type\":\"ListItem\",\"position\":1,\"name\":\"Home\",\"item\":\"https:\/\/www.futbolempresesgirona.com\/\"},{\"@type\":\"ListItem\",\"position\":2,\"name\":\"Normativa veterans\"}]},{\"@type\":\"WebSite\",\"@id\":\"https:\/\/www.futbolempresesgirona.com\/#website\",\"url\":\"https:\/\/www.futbolempresesgirona.com\/\",\"name\":\"\",\"description\":\"Just another WordPress site\",\"potentialAction\":[{\"@type\":\"SearchAction\",\"target\":{\"@type\":\"EntryPoint\",\"urlTemplate\":\"https:\/\/www.futbolempresesgirona.com\/?s={search_term_string}\"},\"query-input\":\"required name=search_term_string\"}],\"inLanguage\":\"es\"}]}<\/script>\n<!-- \/ Yoast SEO plugin. -->","yoast_head_json":{"title":"Normativa veterans -","robots":{"index":"index","follow":"follow","max-snippet":"max-snippet:-1","max-image-preview":"max-image-preview:large","max-video-preview":"max-video-preview:-1"},"canonical":"https:\/\/www.futbolempresesgirona.com\/index.php\/normativa-veterans\/","og_locale":"es_ES","og_type":"article","og_title":"Normativa veterans -","og_description":"ACORDS ADOPTATS EN L&#8217;ASSEMBLEA DE DELEGATS DEL DIA 3 DE SETEMBRE DE 2012 (INICI DELS CAMPIONATS EXCLUSIVAMENT DE VETRANS) i MODIFICACIONS\u00a0 ACORDADES EN ASSEMBLEES POSTERIORS: \u00c9s jugador veter\u00e0 tot aquell que tingui els 30 anys d&#8217;edat complerts i tamb\u00e9 aquells que amb 29 anys compleixin els 30 en el transcurs\u00a0de la temporada en curs,\u00a0\u00e9s a [&hellip;]","og_url":"https:\/\/www.futbolempresesgirona.com\/index.php\/normativa-veterans\/","article_modified_time":"2023-10-30T12:35:43+00:00","twitter_card":"summary_large_image","twitter_misc":{"Tiempo de lectura":"2 minutos"},"schema":{"@context":"https:\/\/schema.org","@graph":[{"@type":"WebPage","@id":"https:\/\/www.futbolempresesgirona.com\/index.php\/normativa-veterans\/","url":"https:\/\/www.futbolempresesgirona.com\/index.php\/normativa-veterans\/","name":"Normativa veterans -","isPartOf":{"@id":"https:\/\/www.futbolempresesgirona.com\/#website"},"datePublished":"2020-09-20T22:46:43+00:00","dateModified":"2023-10-30T12:35:43+00:00","breadcrumb":{"@id":"https:\/\/www.futbolempresesgirona.com\/index.php\/normativa-veterans\/#breadcrumb"},"inLanguage":"es","potentialAction":[{"@type":"ReadAction","target":["https:\/\/www.futbolempresesgirona.com\/index.php\/normativa-veterans\/"]}]},{"@type":"BreadcrumbList","@id":"https:\/\/www.futbolempresesgirona.com\/index.php\/normativa-veterans\/#breadcrumb","itemListElement":[{"@type":"ListItem","position":1,"name":"Home","item":"https:\/\/www.futbolempresesgirona.com\/"},{"@type":"ListItem","position":2,"name":"Normativa veterans"}]},{"@type":"WebSite","@id":"https:\/\/www.futbolempresesgirona.com\/#website","url":"https:\/\/www.futbolempresesgirona.com\/","name":"","description":"Just another WordPress site","potentialAction":[{"@type":"SearchAction","target":{"@type":"EntryPoint","urlTemplate":"https:\/\/www.futbolempresesgirona.com\/?s={search_term_string}"},"query-input":"required name=search_term_string"}],"inLanguage":"es"}]}},"_links":{"self":[{"href":"https:\/\/www.futbolempresesgirona.com\/index.php\/wp-json\/wp\/v2\/pages\/90"}],"collection":[{"href":"https:\/\/www.futbolempresesgirona.com\/index.php\/wp-json\/wp\/v2\/pages"}],"about":[{"href":"https:\/\/www.futbolempresesgirona.com\/index.php\/wp-json\/wp\/v2\/types\/page"}],"author":[{"embeddable":true,"href":"https:\/\/www.futbolempresesgirona.com\/index.php\/wp-json\/wp\/v2\/users\/1"}],"replies":[{"embeddable":true,"href":"https:\/\/www.futbolempresesgirona.com\/index.php\/wp-json\/wp\/v2\/comments?post=90"}],"version-history":[{"count":45,"href":"https:\/\/www.futbolempresesgirona.com\/index.php\/wp-json\/wp\/v2\/pages\/90\/revisions"}],"predecessor-version":[{"id":9098,"href":"https:\/\/www.futbolempresesgirona.com\/index.php\/wp-json\/wp\/v2\/pages\/90\/revisions\/9098"}],"wp:attachment":[{"href":"https:\/\/www.futbolempresesgirona.com\/index.php\/wp-json\/wp\/v2\/media?parent=90"}],"curies":[{"name":"wp","href":"https:\/\/api.w.org\/{rel}","templated":true}]}}